{"id":55180,"date":"2025-01-08T15:45:53","date_gmt":"2025-01-08T14:45:53","guid":{"rendered":"https:\/\/kpmshc.rks-gov.net\/aktet-nenligjore\/"},"modified":"2025-02-07T09:05:12","modified_gmt":"2025-02-07T08:05:12","slug":"podzakonski-akti","status":"publish","type":"page","link":"https:\/\/kpmshc.rks-gov.net\/sr\/podzakonski-akti\/","title":{"rendered":"Podzakonski akti"},"content":{"rendered":"\t\t<div data-elementor-type=\"wp-page\" data-elementor-id=\"55180\" class=\"elementor elementor-55180 elementor-54149\" data-elementor-post-type=\"page\">\n\t\t\t\t<div class=\"elementor-element elementor-element-164bc14c e-con-full page-container e-flex e-con e-parent\" data-id=\"164bc14c\" data-element_type=\"container\" data-e-type=\"container\">\n\t\t<div class=\"elementor-element elementor-element-3174d161 e-con-full sidebar-box e-flex e-con e-child\" data-id=\"3174d161\" data-element_type=\"container\" data-e-type=\"container\" data-settings=\"{&quot;background_background&quot;:&quot;classic&quot;}\">\n\t\t<div class=\"elementor-element elementor-element-33fd7350 e-con-full sidebar-menu e-flex e-con e-child\" data-id=\"33fd7350\" data-element_type=\"container\" data-e-type=\"container\">\n\t\t\t\t<div class=\"elementor-element elementor-element-77f3df1a elementor-widget__width-inherit sidebar-menulist elementor-widget elementor-widget-nav-menu\" data-id=\"77f3df1a\" data-element_type=\"widget\" data-e-type=\"widget\" data-settings=\"{&quot;layout&quot;:&quot;dropdown&quot;,&quot;submenu_icon&quot;:{&quot;value&quot;:&quot;&lt;svg aria-hidden=\\&quot;true\\&quot; class=\\&quot;e-font-icon-svg e-fas-angle-down\\&quot; viewBox=\\&quot;0 0 320 512\\&quot; xmlns=\\&quot;http:\\\/\\\/www.w3.org\\\/2000\\\/svg\\&quot;&gt;&lt;path d=\\&quot;M143 352.3L7 216.3c-9.4-9.4-9.4-24.6 0-33.9l22.6-22.6c9.4-9.4 24.6-9.4 33.9 0l96.4 96.4 96.4-96.4c9.4-9.4 24.6-9.4 33.9 0l22.6 22.6c9.4 9.4 9.4 24.6 0 33.9l-136 136c-9.2 9.4-24.4 9.4-33.8 0z\\&quot;&gt;&lt;\\\/path&gt;&lt;\\\/svg&gt;&quot;,&quot;library&quot;:&quot;fa-solid&quot;}}\" data-widget_type=\"nav-menu.default\">\n\t\t\t\t<div class=\"elementor-widget-container\">\n\t\t\t\t\t\t\t\t<nav class=\"elementor-nav-menu--dropdown elementor-nav-menu__container\" aria-hidden=\"true\">\n\t\t\t\t<ul id=\"menu-2-77f3df1a\" class=\"elementor-nav-menu\"><li class=\"menu-item menu-item-type-post_type menu-item-object-page menu-item-55190\"><a href=\"https:\/\/kpmshc.rks-gov.net\/sr\/zakonodavstvo\/\" class=\"elementor-item\" tabindex=\"-1\">Zakonodavstvo<\/a><\/li>\n<li class=\"menu-item menu-item-type-post_type menu-item-object-page menu-item-55189\"><a href=\"https:\/\/kpmshc.rks-gov.net\/sr\/zakoni\/\" class=\"elementor-item\" tabindex=\"-1\">Zakoni<\/a><\/li>\n<li class=\"menu-item menu-item-type-post_type menu-item-object-page menu-item-55188\"><a href=\"https:\/\/kpmshc.rks-gov.net\/sr\/podzakonski-akti\/\" class=\"elementor-item\" tabindex=\"-1\">Podzakonski akti<\/a><\/li>\n<li class=\"menu-item menu-item-type-post_type menu-item-object-page menu-item-55187\"><a href=\"https:\/\/kpmshc.rks-gov.net\/sr\/preporuke\/\" class=\"elementor-item\" tabindex=\"-1\">Preporuke<\/a><\/li>\n<\/ul>\t\t\t<\/nav>\n\t\t\t\t\t\t<\/div>\n\t\t\t\t<\/div>\n\t\t\t\t<\/div>\n\t\t\t\t<\/div>\n\t\t<div class=\"elementor-element elementor-element-550e240e e-con-full e-flex e-con e-child\" data-id=\"550e240e\" data-element_type=\"container\" data-e-type=\"container\">\n\t\t<div class=\"elementor-element elementor-element-7d23fd46 e-con-full e-flex e-con e-child\" data-id=\"7d23fd46\" data-element_type=\"container\" data-e-type=\"container\">\n\t\t\t\t<div class=\"elementor-element elementor-element-7ecddfb2 elementor-widget elementor-widget-theme-post-title elementor-page-title elementor-widget-heading\" data-id=\"7ecddfb2\" data-element_type=\"widget\" data-e-type=\"widget\" data-widget_type=\"theme-post-title.default\">\n\t\t\t\t<div class=\"elementor-widget-container\">\n\t\t\t\t\t<h1 class=\"elementor-heading-title elementor-size-default\">Podzakonski akti<\/h1>\t\t\t\t<\/div>\n\t\t\t\t<\/div>\n\t\t\t\t<\/div>\n\t\t<div class=\"elementor-element elementor-element-7b23ecef e-con-full e-flex e-con e-child\" data-id=\"7b23ecef\" data-element_type=\"container\" data-e-type=\"container\">\n\t\t\t\t<div class=\"elementor-element elementor-element-6941a857 elementor-widget elementor-widget-shortcode\" data-id=\"6941a857\" data-element_type=\"widget\" data-e-type=\"widget\" data-widget_type=\"shortcode.default\">\n\t\t\t\t<div class=\"elementor-widget-container\">\n\t\t\t\t\t\t\t<div class=\"elementor-shortcode\"><div  data-customtpl=\"doc-template\" data-perpage=\"12\" data-pt='post' data-taxonomy=\"category\" data-yearall=\"Sve\" data-prefilter=\"\u201daktet-nenligjore-sr\u201d\" data-datefield=\"\" class=\"ItemsFilter docs-page docs-pageSection  ItemsFilter-Ajax\" data-type='page'>\n        <div class=\"page-container-docs page-blockList\" style=\"color:#000; font-size: 44px;\">\n                <div class=\"ItemsFilter-wrapper flex\">\n                            <div class=\"search-filters-body\">\n                                            <div class=\"search-wrapper\">\n                            <form role=\"search\" method=\"get\" action=\"https:\/\/kpmshc.rks-gov.net\/sr\/podzakonski-akti\/\" id=\"searchform\">\n                                <div class=\"search-grid\">\n                                                                        <input type=\"text\" class=\"search-input\" name=\"search_text\" placeholder=\"Pretraga...\" value=\"\" \/>\n                                                                            <div class=\"date-filters\">\n                                           <select class=\"year-selectBody\" name=\"date_year\">\n                                                <option value=\"\">Sve<\/option>\n                                                                                                        <option value=\"2023\" >2023<\/option>\n                                                                                                        <option value=\"2021\" >2021<\/option>\n                                                                                                        <option value=\"2018\" >2018<\/option>\n                                                                                                        <option value=\"2016\" >2016<\/option>\n                                                                                            <\/select>\n                                        <\/div>\n                                                                        <button type=\"submit\" class=\"btn-searchf\" id=\"searchsubmit\">Pretraga<\/button>\n                                <\/div>\n                                <noscript><input type=\"submit\" value=\"Filter\"><\/noscript>\n                            <\/form>\n                        <\/div>\n                                    <\/div>\n            \n        <\/div>\n\t\t \t\t\t<div id=\"website-loader\" class=\"website-loader\">\n\t\t\t\t<div class=\"loader-spinner\"><\/div>\n\t\t\t<\/div>\n\t\t\t\t\t<div class=\"posts-wrapper-inner docs-list\">\n                                                <div class=\"ItemsFilter-item item-55194\">\n                        \n<a target=\"_blank\" href=\"https:\/\/kpmshc.rks-gov.net\/wp-content\/uploads\/2025\/01\/RREGULLORE-NR.01-2023-PER-ORGANIZIMIN-E-BRENDSHEM-DHE-SISTEMATIZIMIN-E-VENDEVE-TE-PUNES.pdf\">\n    <div class=\"docItem-body\">\n         <div class=\"doc-image\">\n            \t\t\t\t<img decoding=\"async\" src=\"https:\/\/kpmshc.rks-gov.net\/wp-content\/themes\/komuna\/assets\/images\/pdf.png\" alt=\"PDF Icon\">\n\t\t\t          <\/div>\n        <div class=\"doc-title\">\n            PRAVILNIK BR.01\/2023 O UNUTRA\u0160NJOJ ORGANIZACIJI I SISTEMATIZACIJI RADNIH MESTA.        <\/div>\n        <div class=\"doc-data\">\n            19\/12\/2023        <\/div>\n    <\/div>\n<\/a>\n                    <\/div>\n                \n                                                <div class=\"ItemsFilter-item item-55506\">\n                        \n<a target=\"_blank\" href=\"https:\/\/kpmshc.rks-gov.net\/wp-content\/uploads\/2025\/01\/20220517140937381.pdf\">\n    <div class=\"docItem-body\">\n         <div class=\"doc-image\">\n            \t\t\t\t<img decoding=\"async\" src=\"https:\/\/kpmshc.rks-gov.net\/wp-content\/themes\/komuna\/assets\/images\/pdf.png\" alt=\"PDF Icon\">\n\t\t\t          <\/div>\n        <div class=\"doc-title\">\n            Pravilnik Br.02\/2021 O izmeni i Dopuni Pravilnika Br.04\/2018 O Radu nezavisnog Nadzornog Odbora civilne Slu\u017ebe Kosova        <\/div>\n        <div class=\"doc-data\">\n            22\/12\/2021        <\/div>\n    <\/div>\n<\/a>\n                    <\/div>\n                \n                                                <div class=\"ItemsFilter-item item-55505\">\n                        \n<a target=\"_blank\" href=\"https:\/\/kpmshc.rks-gov.net\/wp-content\/uploads\/2025\/01\/20211217102210228.pdf\">\n    <div class=\"docItem-body\">\n         <div class=\"doc-image\">\n            \t\t\t\t<img decoding=\"async\" src=\"https:\/\/kpmshc.rks-gov.net\/wp-content\/themes\/komuna\/assets\/images\/pdf.png\" alt=\"PDF Icon\">\n\t\t\t          <\/div>\n        <div class=\"doc-title\">\n            Pravilnik Br.01\/2021 O izmeni i Dopuni Pravilnika Br.01\/2018 O Radu nezavisnog Nadzornog Odbora civilne Slu\u017ebe Kosova        <\/div>\n        <div class=\"doc-data\">\n            14\/12\/2021        <\/div>\n    <\/div>\n<\/a>\n                    <\/div>\n                \n                                                <div class=\"ItemsFilter-item item-57186\">\n                        \n<a target=\"_blank\" href=\"https:\/\/kpmshc.rks-gov.net\/wp-content\/uploads\/2025\/01\/Scan_1_703161.pdf\">\n    <div class=\"docItem-body\">\n         <div class=\"doc-image\">\n            \t\t\t\t<img decoding=\"async\" src=\"https:\/\/kpmshc.rks-gov.net\/wp-content\/themes\/komuna\/assets\/images\/pdf.png\" alt=\"PDF Icon\">\n\t\t\t          <\/div>\n        <div class=\"doc-title\">\n            PRAVILNIK BR..03 \/ 2018. O PRAVILIMA I PROCEDURAMA NADGLEDANJA IZBORA CIVILNIH SLUZBENIKA VISEG RUKOVODEG NIVOA I RUKOVODECEG NIVOA        <\/div>\n        <div class=\"doc-data\">\n            04\/12\/2018        <\/div>\n    <\/div>\n<\/a>\n                    <\/div>\n                \n                                                <div class=\"ItemsFilter-item item-57196\">\n                        \n<a target=\"_blank\" href=\"https:\/\/kpmshc.rks-gov.net\/wp-content\/uploads\/2025\/01\/04.2018-Per-procedurat-e-Monitorimit_compressed.pdf\">\n    <div class=\"docItem-body\">\n         <div class=\"doc-image\">\n            \t\t\t\t<img decoding=\"async\" src=\"https:\/\/kpmshc.rks-gov.net\/wp-content\/themes\/komuna\/assets\/images\/pdf.png\" alt=\"PDF Icon\">\n\t\t\t          <\/div>\n        <div class=\"doc-title\">\n            Pravilnik Br.04\/2018 O Proceduri Monitorisanja Institucija javne Administracije u Vezi sprovodenja Pravila i Na\u010dela Zakonodavstva Civile Slu\u017ebe        <\/div>\n        <div class=\"doc-data\">\n            03\/10\/2018        <\/div>\n    <\/div>\n<\/a>\n                    <\/div>\n                \n                                                <div class=\"ItemsFilter-item item-57193\">\n                        \n<a target=\"_blank\" href=\"https:\/\/kpmshc.rks-gov.net\/wp-content\/uploads\/2025\/01\/01.2018-Rregullore-per-Punen-e-Keshillit_compressed-1.pdf\">\n    <div class=\"docItem-body\">\n         <div class=\"doc-image\">\n            \t\t\t\t<img decoding=\"async\" src=\"https:\/\/kpmshc.rks-gov.net\/wp-content\/themes\/komuna\/assets\/images\/pdf.png\" alt=\"PDF Icon\">\n\t\t\t          <\/div>\n        <div class=\"doc-title\">\n            Pravilnik Br.01\/2018 O radu Nezavisnog nadzornog Odbora Civilne Slu\u017ebe Kosova        <\/div>\n        <div class=\"doc-data\">\n            18\/09\/2018        <\/div>\n    <\/div>\n<\/a>\n                    <\/div>\n                \n                                                <div class=\"ItemsFilter-item item-57191\">\n                        \n<a target=\"_blank\" href=\"https:\/\/kpmshc.rks-gov.net\/wp-content\/uploads\/2025\/01\/02.2018-Rregullore-per-Proceduren-e-shqyrtimit-dhe-vendosjes-se-Ankesave_compressed.pdf\">\n    <div class=\"docItem-body\">\n         <div class=\"doc-image\">\n            \t\t\t\t<img decoding=\"async\" src=\"https:\/\/kpmshc.rks-gov.net\/wp-content\/themes\/komuna\/assets\/images\/pdf.png\" alt=\"PDF Icon\">\n\t\t\t          <\/div>\n        <div class=\"doc-title\">\n            Pravilnik Br.02\/2018 O Proceduri Razmatranja i Re\u0161avanja \u017dalbi u Nezavisnom Nadzornom odboru Civilne Slu\u017ebe Kosova        <\/div>\n        <div class=\"doc-data\">\n            12\/09\/2018        <\/div>\n    <\/div>\n<\/a>\n                    <\/div>\n                \n                                                <div class=\"ItemsFilter-item item-57190\">\n                        \n<a target=\"_blank\" href=\"https:\/\/kpmshc.rks-gov.net\/wp-content\/uploads\/2025\/01\/Rr.5_397159.pdf\">\n    <div class=\"docItem-body\">\n         <div class=\"doc-image\">\n            \t\t\t\t<img decoding=\"async\" src=\"https:\/\/kpmshc.rks-gov.net\/wp-content\/themes\/komuna\/assets\/images\/pdf.png\" alt=\"PDF Icon\">\n\t\t\t          <\/div>\n        <div class=\"doc-title\">\n            PRAVILNIK BR.05 \/ 2018. O UNUTRASNJOJ ORGANIZACIJU I SISTEMATIZACIJU RADNIH MESTA U NEZAVISNOM NADZORNOM ODBORU CIVILNE SLUZBE KOSOVA        <\/div>\n        <div class=\"doc-data\">\n            23\/12\/2016        <\/div>\n    <\/div>\n<\/a>\n                    <\/div>\n                \n                                <\/div>\n        <div class=\"pagination\">\n            <div class='dpn-pagination'>\n                            <\/div>\n        <\/div>\n\n    <\/div>\n<\/div><\/div>\n\t\t\t\t\t\t<\/div>\n\t\t\t\t<\/div>\n\t\t\t\t<\/div>\n\t\t\t\t<\/div>\n\t\t\t\t<\/div>\n\t\t\t\t<\/div>\n\t\t","protected":false},"excerpt":{"rendered":"","protected":false},"author":7,"featured_media":0,"parent":0,"menu_order":0,"comment_status":"closed","ping_status":"closed","template":"","meta":{"_acf_changed":false,"footnotes":""},"page-category":[],"class_list":["post-55180","page","type-page","status-publish","hentry"],"acf":[],"_links":{"self":[{"href":"https:\/\/kpmshc.rks-gov.net\/sr\/wp-json\/wp\/v2\/pages\/55180","targetHints":{"allow":["GET"]}}],"collection":[{"href":"https:\/\/kpmshc.rks-gov.net\/sr\/wp-json\/wp\/v2\/pages"}],"about":[{"href":"https:\/\/kpmshc.rks-gov.net\/sr\/wp-json\/wp\/v2\/types\/page"}],"author":[{"embeddable":true,"href":"https:\/\/kpmshc.rks-gov.net\/sr\/wp-json\/wp\/v2\/users\/7"}],"replies":[{"embeddable":true,"href":"https:\/\/kpmshc.rks-gov.net\/sr\/wp-json\/wp\/v2\/comments?post=55180"}],"version-history":[{"count":11,"href":"https:\/\/kpmshc.rks-gov.net\/sr\/wp-json\/wp\/v2\/pages\/55180\/revisions"}],"predecessor-version":[{"id":59872,"href":"https:\/\/kpmshc.rks-gov.net\/sr\/wp-json\/wp\/v2\/pages\/55180\/revisions\/59872"}],"wp:attachment":[{"href":"https:\/\/kpmshc.rks-gov.net\/sr\/wp-json\/wp\/v2\/media?parent=55180"}],"wp:term":[{"taxonomy":"page-category","embeddable":true,"href":"https:\/\/kpmshc.rks-gov.net\/sr\/wp-json\/wp\/v2\/page-category?post=55180"}],"curies":[{"name":"wp","href":"https:\/\/api.w.org\/{rel}","templated":true}]}}