{"id":55123,"date":"2025-01-09T10:31:19","date_gmt":"2025-01-09T09:31:19","guid":{"rendered":"https:\/\/kpmshc.rks-gov.net\/si-mund-te-ankoheni-ne-kpmshck\/"},"modified":"2025-01-14T08:35:23","modified_gmt":"2025-01-14T07:35:23","slug":"unutrasnje-organizovanje-odbora","status":"publish","type":"page","link":"https:\/\/kpmshc.rks-gov.net\/sr\/unutrasnje-organizovanje-odbora\/","title":{"rendered":"Unutra\u0161nje organizovanje Odbora"},"content":{"rendered":"\n<p><strong>Odbor&nbsp;<\/strong>se sastoji od 7 (sedam) \u010dlanova. \u010clanovi Odbora biraju se putem otvorenog i transparentnog konkursa i imenuje ih Skup\u0161tina Republike Kosova. Mandat svih \u010dlanova Odbora traje 7 (sedam) godina.<\/p>\n\n\n\n<p><strong>Predsednik Odbora<\/strong>&nbsp;rukovodi, zastupa i odgovora o radu Odbora, bira se ve\u0107inom glasova iz redova \u010dlanova Odbora, sa mandatom u trajanju od 2 (dve) godine, sa mogu\u0107no\u0161\u0107u reizbora.<\/p>\n\n\n\n<p><strong>Predsednik i \u010dlanovi Odbora<\/strong>, u vezi sa odlu\u010divanjem u okviru ustavno-zakonskih funkcija Odbora, u\u017eivaju imunitet od krivi\u010dnog gonjenja, gra\u0111anskih tu\u017ebi ili razre\u0161enja.<\/p>\n\n\n\n<p><strong>Sekretarijat Odbora<\/strong>&nbsp;&#8211; U okviru Odbora funkcioni\u0161e Sekretarijat koji poma\u017ee Odboru u obavljanju du\u017enosti i odgovornosti Odbora. Sekretarijatom rukovodi generalni sekretar, koji odgovara neposredno predsedniku Odbora.<\/p>\n\n\n\n<p>Generalni sekretar i svi slu\u017ebenici Sekretarijata imaju status civilnih slu\u017ebenika i tretiraju se u skladu sa Zakonom o civilnoj slu\u017ebi. U okviru Sekretarijata funkcioni\u0161e jedinica za stru\u010dnu podr\u0161ku koju \u010dine stru\u010dni kadrovi, koji neposredno podr\u017eavaju stru\u010dni rad \u010dlanova Odbora<strong>.<\/strong><\/p>\n","protected":false},"excerpt":{"rendered":"<p>Odbor&nbsp;se sastoji od 7 (sedam) \u010dlanova. \u010clanovi Odbora biraju se putem otvorenog i transparentnog konkursa i imenuje ih Skup\u0161tina Republike Kosova. Mandat svih \u010dlanova Odbora traje 7 (sedam) godina. Predsednik Odbora&nbsp;rukovodi, zastupa i odgovora o radu Odbora, bira se ve\u0107inom glasova iz redova \u010dlanova Odbora, sa mandatom u trajanju od 2 (dve) godine, sa mogu\u0107no\u0161\u0107u [&hellip;]<\/p>\n","protected":false},"author":7,"featured_media":54424,"parent":0,"menu_order":0,"comment_status":"closed","ping_status":"closed","template":"","meta":{"_acf_changed":false,"footnotes":""},"page-category":[970],"class_list":["post-55123","page","type-page","status-publish","has-post-thumbnail","hentry","page-category-per-ne-sr"],"acf":[],"_links":{"self":[{"href":"https:\/\/kpmshc.rks-gov.net\/sr\/wp-json\/wp\/v2\/pages\/55123","targetHints":{"allow":["GET"]}}],"collection":[{"href":"https:\/\/kpmshc.rks-gov.net\/sr\/wp-json\/wp\/v2\/pages"}],"about":[{"href":"https:\/\/kpmshc.rks-gov.net\/sr\/wp-json\/wp\/v2\/types\/page"}],"author":[{"embeddable":true,"href":"https:\/\/kpmshc.rks-gov.net\/sr\/wp-json\/wp\/v2\/users\/7"}],"replies":[{"embeddable":true,"href":"https:\/\/kpmshc.rks-gov.net\/sr\/wp-json\/wp\/v2\/comments?post=55123"}],"version-history":[{"count":4,"href":"https:\/\/kpmshc.rks-gov.net\/sr\/wp-json\/wp\/v2\/pages\/55123\/revisions"}],"predecessor-version":[{"id":55621,"href":"https:\/\/kpmshc.rks-gov.net\/sr\/wp-json\/wp\/v2\/pages\/55123\/revisions\/55621"}],"wp:featuredmedia":[{"embeddable":true,"href":"https:\/\/kpmshc.rks-gov.net\/sr\/wp-json\/wp\/v2\/media\/54424"}],"wp:attachment":[{"href":"https:\/\/kpmshc.rks-gov.net\/sr\/wp-json\/wp\/v2\/media?parent=55123"}],"wp:term":[{"taxonomy":"page-category","embeddable":true,"href":"https:\/\/kpmshc.rks-gov.net\/sr\/wp-json\/wp\/v2\/page-category?post=55123"}],"curies":[{"name":"wp","href":"https:\/\/api.w.org\/{rel}","templated":true}]}}