{"id":54694,"date":"2025-01-09T10:29:23","date_gmt":"2025-01-09T09:29:23","guid":{"rendered":"https:\/\/kpmshc.rks-gov.net\/historiku-dhe-mandati-ligjor\/"},"modified":"2025-01-14T09:36:55","modified_gmt":"2025-01-14T08:36:55","slug":"istorijat-i-pravni-mandat","status":"publish","type":"page","link":"https:\/\/kpmshc.rks-gov.net\/sr\/istorijat-i-pravni-mandat\/","title":{"rendered":"Istorijat i pravni mandat"},"content":{"rendered":"\n<p>Uredba UNMIK-a, br.2001\/36 o Civilnoj slu\u017ebi Kosova, bila je prvi pravni akt na osnovu kojeg je u poglavlju III, formiran Nezavisni nadzorni odbor Kosova kao nezavisna jedinica u okviru Ministarstva javnih slu\u017ebi, koji je neposredno izve\u0161tavao ministru javnih slu\u017ebi. Shodno ovoj Uredbi, \u010dlanove Odbora imenovao je specijalni predstavnik Generalnog sekretara u konsultaciji sa premijerom Kosova.<\/p>\n\n\n\n<p>Uredbom UNMIK-a br. 2008\/12 o izmeni i dopuni Uredbe br.2001\/36, Odbor je definisan kao Posebna jedinica koja direktno izve\u0161tava Skup\u0161tinu Kosova i njegovi \u010dlanovi imenovani su od Skup\u0161tina Kosova na osnovu otvorenog i transparentnog postupka.<\/p>\n\n\n\n<p>Skup\u0161tina Republike Kosova, 15. jula 2010.godine usvojila je Zakon br. 03\/L-192 o Nezavisnom nadzornom odboru civilne slu\u017ebe Kosova, objavljen u Slu\u017ebenom listu br.77\/2010 od 16. avgusta 2010.godine, gde je u \u010dlanu 3. NNOCSK definisan kao nezavisni organ koji izve\u0161tava Skup\u0161tinu Republike Kosova i koji re\u0161ava \u017ealbe zaposlenih i obezbe\u0111uje usagla\u0161enost svih pravila i principa koji reguli\u0161u civilnu slu\u017ebu u Republike Kosova.<\/p>\n\n\n\n<p>Dalje, va\u017ee\u0107im Zakonom br.06\/L-048 o Nezavisnom nadzornom odboru civilne slu\u017ebe Kosova, Odbor je nezavisna institucija koja obezbe\u0111uje usagla\u0161enost pravila i principa koji reguli\u0161u civilnu slu\u017ebu.<\/p>\n\n\n\n<p>Shodno Zakonu br.06\/L-048 o Nezavisnom nadzornom odboru civilne slu\u017ebe Kosova, definisane su funkcije, ovla\u0161\u0107enja, organizovanje i rad Nezavisnog nadzornog odbora civilne slu\u017ebe Kosova.<\/p>\n\n\n\n<p>Pravni osnov za funkcionisanje Odbora je Ustav Republike Kosova, Zakon br.06\/L-048 o Nezavisnom nadzornom odboru civilne slu\u017ebe Kosova, Zakon br. 06\/L-114 o Javnim slu\u017ebenicima, Zakon br. 06\/L-113 o Organizovanju &nbsp;i Funkcionisanju institucija dr\u017eavne uprave i nezavisnih agencija, Zakon br.05\/L-031 o Op\u0161tem upravnom postupku, kao i podzakonski akti koji implementiraju ove zakone.<\/p>\n\n\n\n<p>Odbor o svom radu izve\u0161tava Skup\u0161tinu Republike Kosova, najmanje jednom godi\u0161nje i kad god to zahteva Skup\u0161tina.<\/p>\n\n\n\n<p>Odbor se finansira iz bud\u017eeta Republike Kosova. Odbor ima svoju bud\u017eetsku liniju, \u0161to garantuje njegovu nezavisnost.<\/p>\n","protected":false},"excerpt":{"rendered":"<p>Uredba UNMIK-a, br.2001\/36 o Civilnoj slu\u017ebi Kosova, bila je prvi pravni akt na osnovu kojeg je u poglavlju III, formiran Nezavisni nadzorni odbor Kosova kao nezavisna jedinica u okviru Ministarstva javnih slu\u017ebi, koji je neposredno izve\u0161tavao ministru javnih slu\u017ebi. Shodno ovoj Uredbi, \u010dlanove Odbora imenovao je specijalni predstavnik Generalnog sekretara u konsultaciji sa premijerom Kosova. [&hellip;]<\/p>\n","protected":false},"author":7,"featured_media":54433,"parent":0,"menu_order":0,"comment_status":"closed","ping_status":"closed","template":"","meta":{"_acf_changed":false,"footnotes":""},"page-category":[970],"class_list":["post-54694","page","type-page","status-publish","has-post-thumbnail","hentry","page-category-per-ne-sr"],"acf":[],"_links":{"self":[{"href":"https:\/\/kpmshc.rks-gov.net\/sr\/wp-json\/wp\/v2\/pages\/54694","targetHints":{"allow":["GET"]}}],"collection":[{"href":"https:\/\/kpmshc.rks-gov.net\/sr\/wp-json\/wp\/v2\/pages"}],"about":[{"href":"https:\/\/kpmshc.rks-gov.net\/sr\/wp-json\/wp\/v2\/types\/page"}],"author":[{"embeddable":true,"href":"https:\/\/kpmshc.rks-gov.net\/sr\/wp-json\/wp\/v2\/users\/7"}],"replies":[{"embeddable":true,"href":"https:\/\/kpmshc.rks-gov.net\/sr\/wp-json\/wp\/v2\/comments?post=54694"}],"version-history":[{"count":4,"href":"https:\/\/kpmshc.rks-gov.net\/sr\/wp-json\/wp\/v2\/pages\/54694\/revisions"}],"predecessor-version":[{"id":55672,"href":"https:\/\/kpmshc.rks-gov.net\/sr\/wp-json\/wp\/v2\/pages\/54694\/revisions\/55672"}],"wp:featuredmedia":[{"embeddable":true,"href":"https:\/\/kpmshc.rks-gov.net\/sr\/wp-json\/wp\/v2\/media\/54433"}],"wp:attachment":[{"href":"https:\/\/kpmshc.rks-gov.net\/sr\/wp-json\/wp\/v2\/media?parent=54694"}],"wp:term":[{"taxonomy":"page-category","embeddable":true,"href":"https:\/\/kpmshc.rks-gov.net\/sr\/wp-json\/wp\/v2\/page-category?post=54694"}],"curies":[{"name":"wp","href":"https:\/\/api.w.org\/{rel}","templated":true}]}}