{"id":54563,"date":"2025-01-08T15:38:53","date_gmt":"2025-01-08T14:38:53","guid":{"rendered":"https:\/\/kpmshc.rks-gov.net\/per-keshillin\/"},"modified":"2025-03-14T11:29:41","modified_gmt":"2025-03-14T10:29:41","slug":"za-odbor","status":"publish","type":"page","link":"https:\/\/kpmshc.rks-gov.net\/sr\/za-odbor\/","title":{"rendered":"Za Odbor"},"content":{"rendered":"\n<p>Nezavisni nadzorni odbor civilne slu\u017ebe Kosova (Odbor) prezentovan je u najvi\u0161i pravni akt Republike Kosova, konkretnije u \u010dlanu 101.2 Ustava Republike Kosova, koji defini\u0161e: \u201eNezavisni nadzorni odbor civilne slu\u017ebe, obezbe\u0111uje usagla\u0161enost pravila i principa koji reguli\u0161u civilnu slu\u017ebu i koji odslikava raznolikost naroda Republike Kosova.<\/p>\n\n\n\n<p><strong>Istorijat i pravni mandat<\/strong><\/p>\n\n\n\n<p>Uredba UNMIK-a, br.2001\/36 o Civilnoj slu\u017ebi Kosova, bila je prvi pravni akt na osnovu kojeg je u poglavlju III, osnovan Nezavisni nadzorni odbor Kosova kao nezavisna jedinica u okviru Ministarstva javnih slu\u017ebi, uz direktno izve\u0161tavanje Ministarstvu javnih slu\u017ebi. Prema ovoj Uredbi, \u010dlanove Odbora imenovao je Specijalni predstavnik Generalnog sekretara u konsultaciji sa premijerom Kosova.<\/p>\n\n\n\n<p>Uredbom UNMIK-a br. 2008\/12, o izmeni i dopuni Uredbe br.2001\/36, Odbor je definisan kao posebna jedinica koja izve\u0161tava direktno Skup\u0161tini Kosova i njene \u010dlanove imenovala je Skup\u0161tina Kosova na osnovu otvorenih i transparentnih procedura.<\/p>\n\n\n\n<p>Skup\u0161tina Republike Kosova,&nbsp; 15. jula 2010.godine, usvojila je Zakon br.03\/L-192 o Nezavisniom nadzornom odboru civilne slu\u017ebe Kosova, objavljen u Slu\u017ebenom listu br.77\/2010, 16. avgusta 2010. godine, gde je u \u010dlanu 3, NNOCSK definisan kao nezavisni organ koji izve\u0161tava Skup\u0161tinu Republike Kosova i koji re\u0161ava \u017ealbe zaposlenih, kao i obezbe\u0111uje usagla\u0161enost svih pravila i principa koji reguli\u0161u civilnu&nbsp; slu\u017ebu u Republici Kosova.<\/p>\n\n\n\n<p>\u0160tavi\u0161e, sa va\u017ee\u0107im Zakonom br.08\/L-180 o izmenama i dopunama Zakona br.06\/L-048 o Nezavisnom nadzornom odboru civilne slu\u017ebe Kosova, Odbor je nezavisna institucija koja obezbe\u0111uje usagla\u0161enost pravila i principa koji reguli\u0161u civilnu slu\u017ebu.<\/p>\n\n\n\n<p>Shodno Zakonu br.08\/L-180 o izmeni i dopuni Zakona br. 06\/L-048 o Nezavisnom nadzornom odboru civilne slu\u017ebe Kosova, definisane su funkcije, ovla\u0161\u0107enja, organizacija i funkcionisanje Nezavisnog nadzornog odbora civilne slu\u017ebe Kosova.<\/p>\n\n\n\n<p>Pravni osnov za funkcionisanje Odbora je Ustav Republike Kosova i Zakon br.08\/L-180 o izmenama i dopunama Zakona br.06\/L-048 o Nezavisnom nadzornom odboru civilne slu\u017ebe Kosova.<\/p>\n\n\n\n<p>Odbor o svom radu izve\u0161tava Skup\u0161tinu Republike Kosova, najmanje jednom godi\u0161nje, i kad god to zahteva Skup\u0161tina.<\/p>\n\n\n\n<p>Odbor se finansira iz bud\u017eeta Republike Kosova. Odbor ima svoju bud\u017eetsku liniju, \u0161to garantuje njegovu nezavisnost.<\/p>\n\n\n\n<p><strong>Funkcije Odbora<\/strong><\/p>\n\n\n\n<p>Za nadzor primene pravila i principa zakonodavstva o civilnoj slu\u017ebi, Odbor ima slede\u0107e osnovne funkcije:<\/p>\n\n\n\n<ul class=\"wp-block-list\">\n<li>Razmatra i odlu\u010duje o \u017ealbama civilnih slu\u017ebenika i kandidata za prijem u civilnu slu\u017ebu, i<\/li>\n\n\n\n<li>Monitori\u0161e institucije javne uprave koje zapo\u0161ljavaju civilne slu\u017ebenike, u pogledu primene pravila i principa zakonodavstva o civilnoj slu\u017ebi.<\/li>\n<\/ul>\n\n\n\n<p><strong>Unutra\u0161nja organizacija Odbora<\/strong><\/p>\n\n\n\n<p><strong>Odbor <\/strong>se sastoji od 15 (petnaest) \u010dlanova. \u010clanovi Odbora biraju se putem otvorenog i transparentnog konkursa i imenuje ih Skup\u0161tina Republike Kosova. Mandat svih \u010dlanova Odbora traje 7 (sedam) godina.<\/p>\n\n\n\n<p><strong>Predsednik Odbora<\/strong> predvodi, predstavlja i odgovoran je o radu Odbora, bira se ve\u0107inom glasova iz redova \u010dlanova Odbora, sa mandatom u trajanju od 2 (dve) godine, uz mogu\u0107nost ponovnog izbora.<\/p>\n\n\n\n<p>Predsednik i \u010dlanovi Odbora, u pogledu odlu\u010divanja u okviru ustavno-zakonskih funkcija Odbora, u\u017eivaju imunitet od krivi\u010dnog gonjenja, gra\u0111anskih tu\u017ebi ili razre\u0161enja.<\/p>\n\n\n\n<p><strong>Sekretarijat Odbora<\/strong> &#8211; U okviru Odbora funkcioni\u0161e Sekretarijat koji poma\u017ee Odboru u izvr\u0161avanju du\u017enosti i odgovornosti Odbora. Sekretarijatom rukovodi generalni sekretar, koji direktno odgovara predsedniku Odbora.<\/p>\n\n\n\n<p>Generalni sekretar i svi slu\u017ebenici imaju status civilnih slu\u017ebenika i tretiraju se u skladu sa Zakonom o civilnoj slu\u017ebi. U okviru Sekretarijata funkcioni\u0161e Jedinica za stru\u010dnu podr\u0161ku koju \u010dini stru\u010dno osoblje, koje neposredno podr\u017eava stru\u010dni rad \u010dlanova Odbora.<\/p>\n\n\n\n<p><strong>Ko&nbsp; se mo\u017ee &nbsp;\u017ealiti u NNOCSK?<\/strong><\/p>\n\n\n\n<p>U Odbor, \u017ealbu mogu podneti:<\/p>\n\n\n\n<ul class=\"wp-block-list\">\n<li>Civilni slu\u017ebenici Kosova i<\/li>\n\n\n\n<li>Kandidati za zapo\u0161ljavanje u Civilnu slu\u017ebu Kosova.<\/li>\n<\/ul>\n\n\n\n<p><strong>Kako se mo\u017eete \u017ealiti u NNOCSK?<\/strong><\/p>\n\n\n\n<p>Civilni slu\u017ebenici, odnosno kandidat za prijem u civilnu slu\u017ebu, koji je nezadovoljan odlukom organa za zapo\u0161ljavanje, ima pravo podno\u0161enja \u017ealbe Odboru, zbog navodnog kr\u0161enja pravila i principa zakonodavstva o civilnoj slu\u017ebi Republike Kosova.<\/p>\n\n\n\n<p>\u017dalba se mo\u017ee podneti na slede\u0107e na\u010dine:<\/p>\n\n\n\n<ul class=\"wp-block-list\">\n<li>Direktno u Odbor;<\/li>\n\n\n\n<li>Putem po\u0161te;<\/li>\n\n\n\n<li>Preko web stranice.<\/li>\n<\/ul>\n\n\n\n<p>\u017dalbu podnosi sam podnosilac \u017ealbe, ovla\u0161\u0107eni zastupnik ili zajedni\u010dki zastupnik (u slu\u010dajevima \u017ealioca u grupi).<\/p>\n","protected":false},"excerpt":{"rendered":"<p>Nezavisni nadzorni odbor civilne slu\u017ebe Kosova (Odbor) prezentovan je u najvi\u0161i pravni akt Republike Kosova, konkretnije u \u010dlanu 101.2 Ustava Republike Kosova, koji defini\u0161e: \u201eNezavisni nadzorni odbor civilne slu\u017ebe, obezbe\u0111uje usagla\u0161enost pravila i principa koji reguli\u0161u civilnu slu\u017ebu i koji odslikava raznolikost naroda Republike Kosova. Istorijat i pravni mandat Uredba UNMIK-a, br.2001\/36 o Civilnoj slu\u017ebi [&hellip;]<\/p>\n","protected":false},"author":7,"featured_media":0,"parent":0,"menu_order":0,"comment_status":"closed","ping_status":"closed","template":"","meta":{"_acf_changed":false,"footnotes":""},"page-category":[],"class_list":["post-54563","page","type-page","status-publish","hentry"],"acf":[],"_links":{"self":[{"href":"https:\/\/kpmshc.rks-gov.net\/sr\/wp-json\/wp\/v2\/pages\/54563","targetHints":{"allow":["GET"]}}],"collection":[{"href":"https:\/\/kpmshc.rks-gov.net\/sr\/wp-json\/wp\/v2\/pages"}],"about":[{"href":"https:\/\/kpmshc.rks-gov.net\/sr\/wp-json\/wp\/v2\/types\/page"}],"author":[{"embeddable":true,"href":"https:\/\/kpmshc.rks-gov.net\/sr\/wp-json\/wp\/v2\/users\/7"}],"replies":[{"embeddable":true,"href":"https:\/\/kpmshc.rks-gov.net\/sr\/wp-json\/wp\/v2\/comments?post=54563"}],"version-history":[{"count":5,"href":"https:\/\/kpmshc.rks-gov.net\/sr\/wp-json\/wp\/v2\/pages\/54563\/revisions"}],"predecessor-version":[{"id":60897,"href":"https:\/\/kpmshc.rks-gov.net\/sr\/wp-json\/wp\/v2\/pages\/54563\/revisions\/60897"}],"wp:attachment":[{"href":"https:\/\/kpmshc.rks-gov.net\/sr\/wp-json\/wp\/v2\/media?parent=54563"}],"wp:term":[{"taxonomy":"page-category","embeddable":true,"href":"https:\/\/kpmshc.rks-gov.net\/sr\/wp-json\/wp\/v2\/page-category?post=54563"}],"curies":[{"name":"wp","href":"https:\/\/api.w.org\/{rel}","templated":true}]}}