{"id":40815,"date":"2024-04-22T06:46:47","date_gmt":"2024-04-22T04:46:47","guid":{"rendered":"http:\/\/localhost:100\/dpn-prizereni\/kontakt\/"},"modified":"2025-02-03T09:55:18","modified_gmt":"2025-02-03T08:55:18","slug":"kontakt","status":"publish","type":"page","link":"https:\/\/kpmshc.rks-gov.net\/sr\/kontakt\/","title":{"rendered":"Kontakt"},"content":{"rendered":"\t\t<div data-elementor-type=\"wp-page\" data-elementor-id=\"40815\" class=\"elementor elementor-40815 elementor-1311\" data-elementor-post-type=\"page\">\n\t\t\t\t<div class=\"elementor-element elementor-element-74e96a1 e-con-full e-flex e-con e-parent\" data-id=\"74e96a1\" data-element_type=\"container\" data-e-type=\"container\">\n\t\t<div class=\"elementor-element elementor-element-b19da87 e-con-full e-flex e-con e-child\" data-id=\"b19da87\" data-element_type=\"container\" data-e-type=\"container\">\n\t\t\t\t<div class=\"elementor-element elementor-element-6236614 elementor-widget elementor-widget-google_maps\" data-id=\"6236614\" data-element_type=\"widget\" data-e-type=\"widget\" data-widget_type=\"google_maps.default\">\n\t\t\t\t<div class=\"elementor-widget-container\">\n\t\t\t\t\t\t\t<div class=\"elementor-custom-embed\">\n\t\t\t<iframe loading=\"lazy\"\n\t\t\t\t\tsrc=\"https:\/\/maps.google.com\/maps?q=Ministris%C3%AB%20s%C3%AB%20Kultur%C3%ABs%2C%20Rinis%C3%AB%20dhe%20Sportit&#038;t=m&#038;z=17&#038;output=embed&#038;iwloc=near\"\n\t\t\t\t\ttitle=\"Ministris\u00eb s\u00eb Kultur\u00ebs, Rinis\u00eb dhe Sportit\"\n\t\t\t\t\taria-label=\"Ministris\u00eb s\u00eb Kultur\u00ebs, Rinis\u00eb dhe Sportit\"\n\t\t\t><\/iframe>\n\t\t<\/div>\n\t\t\t\t\t\t<\/div>\n\t\t\t\t<\/div>\n\t\t\t\t<\/div>\n\t\t<div class=\"elementor-element elementor-element-4df1b13 e-con-full page-container news-details e-flex e-con e-child\" data-id=\"4df1b13\" data-element_type=\"container\" data-e-type=\"container\">\n\t\t<div class=\"elementor-element elementor-element-9359417 e-con-full e-flex e-con e-child\" data-id=\"9359417\" data-element_type=\"container\" data-e-type=\"container\">\n\t\t<div class=\"elementor-element elementor-element-6d39ed6 e-con-full e-flex e-con e-child\" data-id=\"6d39ed6\" data-element_type=\"container\" data-e-type=\"container\">\n\t\t\t\t<div class=\"elementor-element elementor-element-415f577 elementor-widget elementor-widget-heading\" data-id=\"415f577\" data-element_type=\"widget\" data-e-type=\"widget\" data-widget_type=\"heading.default\">\n\t\t\t\t<div class=\"elementor-widget-container\">\n\t\t\t\t\t<h2 class=\"elementor-heading-title elementor-size-default\">Kontakti<\/h2>\t\t\t\t<\/div>\n\t\t\t\t<\/div>\n\t\t\t\t<div class=\"elementor-element elementor-element-01917e5 elementor-widget elementor-widget-text-editor\" data-id=\"01917e5\" data-element_type=\"widget\" data-e-type=\"widget\" data-widget_type=\"text-editor.default\">\n\t\t\t\t<div class=\"elementor-widget-container\">\n\t\t\t\t\t\t\t\t\t<p>Kontaktirajte nas sada da bismo re\u0161ili sve probleme ili zahteve.<\/p>\t\t\t\t\t\t\t\t<\/div>\n\t\t\t\t<\/div>\n\t\t<div class=\"elementor-element elementor-element-4f78e01 e-con-full e-flex e-con e-child\" data-id=\"4f78e01\" data-element_type=\"container\" data-e-type=\"container\">\n\t\t\t\t<div class=\"elementor-element elementor-element-30d3d6f elementor-widget elementor-widget-heading\" data-id=\"30d3d6f\" data-element_type=\"widget\" data-e-type=\"widget\" data-widget_type=\"heading.default\">\n\t\t\t\t<div class=\"elementor-widget-container\">\n\t\t\t\t\t<h3 class=\"elementor-heading-title elementor-size-default\">KPMSHCK<\/h3>\t\t\t\t<\/div>\n\t\t\t\t<\/div>\n\t\t\t\t<div class=\"elementor-element elementor-element-9920bbc contact-content elementor-widget elementor-widget-text-editor\" data-id=\"9920bbc\" data-element_type=\"widget\" data-e-type=\"widget\" data-widget_type=\"text-editor.default\">\n\t\t\t\t<div class=\"elementor-widget-container\">\n\t\t\t\t\t\t\t\t\t<p>Zgrada Ministarstva kulture, omladine i sporta, sprat III, trg &#8222;N\u00ebn\u00eb Tereza&#8220;, pn. Pri\u0161tina.<\/p>\t\t\t\t\t\t\t\t<\/div>\n\t\t\t\t<\/div>\n\t\t\t\t<\/div>\n\t\t\t\t<\/div>\n\t\t\t\t<\/div>\n\t\t\t\t<\/div>\n\t\t\t\t<\/div>\n\t\t\t\t<\/div>\n\t\t","protected":false},"excerpt":{"rendered":"<p>Kontakti Kontaktirajte nas sada da bismo re\u0161ili sve probleme ili zahteve. KPMSHCK Zgrada Ministarstva kulture, omladine i sporta, sprat III, trg &#8222;N\u00ebn\u00eb Tereza&#8220;, pn. Pri\u0161tina.<\/p>\n","protected":false},"author":4,"featured_media":0,"parent":0,"menu_order":0,"comment_status":"closed","ping_status":"closed","template":"","meta":{"_acf_changed":false,"footnotes":""},"page-category":[],"class_list":["post-40815","page","type-page","status-publish","hentry"],"acf":[],"_links":{"self":[{"href":"https:\/\/kpmshc.rks-gov.net\/sr\/wp-json\/wp\/v2\/pages\/40815","targetHints":{"allow":["GET"]}}],"collection":[{"href":"https:\/\/kpmshc.rks-gov.net\/sr\/wp-json\/wp\/v2\/pages"}],"about":[{"href":"https:\/\/kpmshc.rks-gov.net\/sr\/wp-json\/wp\/v2\/types\/page"}],"author":[{"embeddable":true,"href":"https:\/\/kpmshc.rks-gov.net\/sr\/wp-json\/wp\/v2\/users\/4"}],"replies":[{"embeddable":true,"href":"https:\/\/kpmshc.rks-gov.net\/sr\/wp-json\/wp\/v2\/comments?post=40815"}],"version-history":[{"count":21,"href":"https:\/\/kpmshc.rks-gov.net\/sr\/wp-json\/wp\/v2\/pages\/40815\/revisions"}],"predecessor-version":[{"id":56962,"href":"https:\/\/kpmshc.rks-gov.net\/sr\/wp-json\/wp\/v2\/pages\/40815\/revisions\/56962"}],"wp:attachment":[{"href":"https:\/\/kpmshc.rks-gov.net\/sr\/wp-json\/wp\/v2\/media?parent=40815"}],"wp:term":[{"taxonomy":"page-category","embeddable":true,"href":"https:\/\/kpmshc.rks-gov.net\/sr\/wp-json\/wp\/v2\/page-category?post=40815"}],"curies":[{"name":"wp","href":"https:\/\/api.w.org\/{rel}","templated":true}]}}