{"id":34953,"date":"2024-04-15T07:22:37","date_gmt":"2024-04-15T05:22:37","guid":{"rendered":"http:\/\/localhost:100\/dpn-prizereni\/lajmet\/"},"modified":"2024-10-28T14:08:12","modified_gmt":"2024-10-28T13:08:12","slug":"vesti","status":"publish","type":"page","link":"https:\/\/kpmshc.rks-gov.net\/sr\/vesti\/","title":{"rendered":"Vesti"},"content":{"rendered":"\t\t<div data-elementor-type=\"wp-page\" data-elementor-id=\"34953\" class=\"elementor elementor-34953 elementor-150\" data-elementor-post-type=\"page\">\n\t\t\t\t<div class=\"elementor-element elementor-element-774372d e-con-full page-container e-flex e-con e-child\" data-id=\"774372d\" data-element_type=\"container\" data-e-type=\"container\" data-settings=\"{&quot;background_background&quot;:&quot;classic&quot;}\">\n\t\t<div class=\"elementor-element elementor-element-5abe90f e-con-full sidebar-box e-flex e-con e-child\" data-id=\"5abe90f\" data-element_type=\"container\" data-e-type=\"container\" data-settings=\"{&quot;background_background&quot;:&quot;classic&quot;}\">\n\t\t<div class=\"elementor-element elementor-element-a06c7f1 e-con-full sidebar-menu e-flex e-con e-child\" data-id=\"a06c7f1\" data-element_type=\"container\" data-e-type=\"container\">\n\t\t\t\t<div class=\"elementor-element elementor-element-1ab5ebc elementor-widget__width-inherit sidebar-menulist elementor-widget elementor-widget-nav-menu\" data-id=\"1ab5ebc\" data-element_type=\"widget\" data-e-type=\"widget\" data-settings=\"{&quot;layout&quot;:&quot;dropdown&quot;,&quot;submenu_icon&quot;:{&quot;value&quot;:&quot;&lt;svg aria-hidden=\\&quot;true\\&quot; class=\\&quot;e-font-icon-svg e-fas-angle-down\\&quot; viewBox=\\&quot;0 0 320 512\\&quot; xmlns=\\&quot;http:\\\/\\\/www.w3.org\\\/2000\\\/svg\\&quot;&gt;&lt;path d=\\&quot;M143 352.3L7 216.3c-9.4-9.4-9.4-24.6 0-33.9l22.6-22.6c9.4-9.4 24.6-9.4 33.9 0l96.4 96.4 96.4-96.4c9.4-9.4 24.6-9.4 33.9 0l22.6 22.6c9.4 9.4 9.4 24.6 0 33.9l-136 136c-9.2 9.4-24.4 9.4-33.8 0z\\&quot;&gt;&lt;\\\/path&gt;&lt;\\\/svg&gt;&quot;,&quot;library&quot;:&quot;fa-solid&quot;}}\" data-widget_type=\"nav-menu.default\">\n\t\t\t\t<div class=\"elementor-widget-container\">\n\t\t\t\t\t\t\t\t<nav class=\"elementor-nav-menu--dropdown elementor-nav-menu__container\" aria-hidden=\"true\">\n\t\t\t\t<ul id=\"menu-2-1ab5ebc\" class=\"elementor-nav-menu\"><li class=\"menu-item menu-item-type-post_type menu-item-object-page menu-item-52971\"><a href=\"https:\/\/kpmshc.rks-gov.net\/lajmet\/\" class=\"elementor-item\" tabindex=\"-1\">Vesti<\/a><\/li>\n<li class=\"menu-item menu-item-type-post_type menu-item-object-page menu-item-52972\"><a href=\"https:\/\/kpmshc.rks-gov.net\/ngjarjet\/\" class=\"elementor-item\" tabindex=\"-1\">Doga\u0111aji<\/a><\/li>\n<\/ul>\t\t\t<\/nav>\n\t\t\t\t\t\t<\/div>\n\t\t\t\t<\/div>\n\t\t\t\t<\/div>\n\t\t\t\t<\/div>\n\t\t<div class=\"elementor-element elementor-element-b288aa1 e-con-full e-flex e-con e-child\" data-id=\"b288aa1\" data-element_type=\"container\" data-e-type=\"container\" data-settings=\"{&quot;background_background&quot;:&quot;classic&quot;}\">\n\t\t\t\t<div class=\"elementor-element elementor-element-c81cd67 elementor-widget elementor-widget-shortcode\" data-id=\"c81cd67\" data-element_type=\"widget\" data-e-type=\"widget\" data-widget_type=\"shortcode.default\">\n\t\t\t\t<div class=\"elementor-widget-container\">\n\t\t\t\t\t\t\t<div class=\"elementor-shortcode\"><div  data-customtpl=\"news-template\" data-perpage=\"12\" data-pt='news' data-taxonomy=\"news-category\" data-yearall=\"Sve\" data-prefilter=\"\" data-datefield=\"\" class=\"ItemsFilter docs-page docs-pageSection  ItemsFilter-Ajax\" data-type='news'>\n        <div class=\"page-container-docs news-blockList\" style=\"color:#000; font-size: 44px;\">\n                <div class=\"ItemsFilter-wrapper flex\">\n                            <div class=\"search-filters-body\">\n                                            <div class=\"search-wrapper\">\n                            <form role=\"search\" method=\"get\" action=\"https:\/\/kpmshc.rks-gov.net\/sr\/vesti\/\" id=\"searchform\">\n                                <div class=\"search-grid\">\n                                                                            <div class=\"ItemsFilter-dateFromTo\">\n                                            <input type=\"date\" name=\"date-from\" class=\"input-from\">\n                                            <input type=\"date\" name=\"date-to\" class=\"input-to\">\n                                        <\/div>\n                                                                        <input type=\"text\" class=\"search-input\" name=\"search_text\" placeholder=\"Pretraga...\" value=\"\" \/>\n                                                                        <button type=\"submit\" class=\"btn-searchf\" id=\"searchsubmit\">Pretraga<\/button>\n                                <\/div>\n                                <noscript><input type=\"submit\" value=\"Filter\"><\/noscript>\n                            <\/form>\n                        <\/div>\n                                    <\/div>\n            \n        <\/div>\n\t\t \t\t\t<div id=\"website-loader\" class=\"website-loader\">\n\t\t\t\t<div class=\"loader-spinner\"><\/div>\n\t\t\t<\/div>\n\t\t\t\t\t<div class=\"posts-wrapper-inner news-list\">\n                                                <div class=\"ItemsFilter-item item-71232\">\n                        \n<a href=\"https:\/\/kpmshc.rks-gov.net\/sr\/news\/razmotren-je-i-usvojen-finansijski-izvestaj-nnnocsk-a-za-2025-godinu\/\">\n\n    <div class=\"newsItem-body\">\n\n            \t\t<div class=\"news-image\" style=\"display: flex; align-items: center; justify-content: flex-start; min-height: 200px;\">\n        <img decoding=\"async\" src=\"https:\/\/kpmshc.rks-gov.net\/wp-content\/uploads\/2024\/04\/kpmshck_new.svg\"\n             alt=\"Razmotren je i usvojen finansijski izve\u0161taj NNNOCSK-a za 2025.godinu\"\n             style=\"max-height: 100%; width: auto; object-fit: contain; margin-left: 3px;\">\n    <\/div>\n\n        \n        <div class=\"news-textBody\">\n\n            <div class=\"news-title\">\n\n                Razmotren je i usvojen finansijski izve\u0161taj NNNOCSK-a za 2025.godinu\n            <\/div>\n\n            <div class=\"news-info\">\n\n                <span class=\"news-date\">22\/04\/2026<\/span>\n\n            <\/div>\n\n            <div class=\"news-content\">\n\n                Pri\u0161tina, 20. april 2026 \u2013 Odbor za bud\u017eet, rad i transfere Skup\u0161tine Republike Kosova, koji predvodi&nbsp; predsednik Odbora, Enver Haliti,...\n            <\/div>\n\n        <\/div>\n\n    <\/div>\n\n<\/a>                    <\/div>\n                \n                                                <div class=\"ItemsFilter-item item-71075\">\n                        \n<a href=\"https:\/\/kpmshc.rks-gov.net\/sr\/news\/predstavnici-odbora-posetili-su-opstinu-leposavic\/\">\n\n    <div class=\"newsItem-body\">\n\n        \n            <div class=\"news-image\">\n\n                <img decoding=\"async\" src=\"https:\/\/kpmshc.rks-gov.net\/wp-content\/uploads\/2026\/03\/2-scaled.jpeg\" alt=\"Predstavnici Odbora posetili su op\u0161tinu Leposavi\u0107\">\n\n            <\/div>\n\t\t\n        <div class=\"news-textBody\">\n\n            <div class=\"news-title\">\n\n                Predstavnici Odbora posetili su op\u0161tinu Leposavi\u0107\n            <\/div>\n\n            <div class=\"news-info\">\n\n                <span class=\"news-date\">01\/04\/2026<\/span>\n\n            <\/div>\n\n            <div class=\"news-content\">\n\n                Leposavi\u0107, 2026. \u2013 Predstavnici Nezavisnog nadzornog odbora civilne slu\u017ebe Kosova (NNOCSK), predvo\u0111eni \u010dlanom&nbsp; Odbora, Eshref Shabani, slu\u017ebeno su posetili op\u0161tinu...\n            <\/div>\n\n        <\/div>\n\n    <\/div>\n\n<\/a>                    <\/div>\n                \n                                                <div class=\"ItemsFilter-item item-70470\">\n                        \n<a href=\"https:\/\/kpmshc.rks-gov.net\/sr\/news\/predsednik-odbora-arben-mehmeti-posetio-je-opstinu-eljez-hana\/\">\n\n    <div class=\"newsItem-body\">\n\n        \n            <div class=\"news-image\">\n\n                <img decoding=\"async\" src=\"https:\/\/kpmshc.rks-gov.net\/wp-content\/uploads\/2026\/03\/IMG_9489.jpeg\" alt=\"Predsednik Odbora Arben Mehmeti posetio je op\u0161tinu Eljez Hana\">\n\n            <\/div>\n\t\t\n        <div class=\"news-textBody\">\n\n            <div class=\"news-title\">\n\n                Predsednik Odbora Arben Mehmeti posetio je op\u0161tinu Eljez Hana\n            <\/div>\n\n            <div class=\"news-info\">\n\n                <span class=\"news-date\">25\/03\/2026<\/span>\n\n            <\/div>\n\n            <div class=\"news-content\">\n\n                Eljez Hana, 24. mart 2026. \u2013 Predsednik Nezavisnog nadzornog odbora civilne slu\u017ebe Kosova (NNOCSK), Arben Mehmeti, na poziv predsednika op\u0161tine...\n            <\/div>\n\n        <\/div>\n\n    <\/div>\n\n<\/a>                    <\/div>\n                \n                                                <div class=\"ItemsFilter-item item-68949\">\n                        \n<a href=\"https:\/\/kpmshc.rks-gov.net\/sr\/news\/odbor-i-jedinice-za-ljudske-resurse-diskutuju-o-izazovima-i-reformama-u-lokalnoj-civilnoj-sluzbi\/\">\n\n    <div class=\"newsItem-body\">\n\n        \n            <div class=\"news-image\">\n\n                <img decoding=\"async\" src=\"https:\/\/kpmshc.rks-gov.net\/wp-content\/uploads\/2025\/11\/1.jpeg\" alt=\"Odbor i Jedinice za ljudske resurse diskutuju o izazovima i reformama u lokalnoj civilnoj slu\u017ebi\">\n\n            <\/div>\n\t\t\n        <div class=\"news-textBody\">\n\n            <div class=\"news-title\">\n\n                Odbor i Jedinice za ljudske resurse diskutuju o izazovima i reformama u lokalnoj civilnoj slu\u017ebi\n            <\/div>\n\n            <div class=\"news-info\">\n\n                <span class=\"news-date\">24\/11\/2025<\/span>\n\n            <\/div>\n\n            <div class=\"news-content\">\n\n                Pri\u0161tina, &nbsp;18 novembar 2025 \u2013&nbsp;Nezavisni nadzorni odbor civilne slu\u017ebe Kosova (NNOCSK) odr\u017eao je radni sastanak sa Jedinicama za upravljanje ljudskim...\n            <\/div>\n\n        <\/div>\n\n    <\/div>\n\n<\/a>                    <\/div>\n                \n                                                <div class=\"ItemsFilter-item item-68448\">\n                        \n<a href=\"https:\/\/kpmshc.rks-gov.net\/sr\/news\/predsednik-mehmeti-sastao-se-s-predstavnicima-poverenika-civilne-sluzbe-u-tirani\/\">\n\n    <div class=\"newsItem-body\">\n\n        \n            <div class=\"news-image\">\n\n                <img decoding=\"async\" src=\"https:\/\/kpmshc.rks-gov.net\/wp-content\/uploads\/2025\/11\/IMG_7970-5.jpeg\" alt=\"Predsednik Mehmeti sastao se s predstavnicima Poverenika civilne slu\u017ebe u Tirani\">\n\n            <\/div>\n\t\t\n        <div class=\"news-textBody\">\n\n            <div class=\"news-title\">\n\n                Predsednik Mehmeti sastao se s predstavnicima Poverenika civilne slu\u017ebe u Tirani\n            <\/div>\n\n            <div class=\"news-info\">\n\n                <span class=\"news-date\">05\/11\/2025<\/span>\n\n            <\/div>\n\n            <div class=\"news-content\">\n\n                Tirana, 3. novembar 2025 \u2013 Predsednik Nezavisnog nadzornog odbora civilne slu\u017ebe,&nbsp;&nbsp;&nbsp;&nbsp; g.Arben Mehmeti, zajedno sa svojim saradnicima, u\u010destvovao je na...\n            <\/div>\n\n        <\/div>\n\n    <\/div>\n\n<\/a>                    <\/div>\n                \n                                                <div class=\"ItemsFilter-item item-65567\">\n                        \n<a href=\"https:\/\/kpmshc.rks-gov.net\/sr\/news\/nezavisni-nadzorni-odbor-civilne-sluzbe-kosova-odrzao-je-informativne-sastanke-u-20-opstina-na-kosovu\/\">\n\n    <div class=\"newsItem-body\">\n\n        \n            <div class=\"news-image\">\n\n                <img decoding=\"async\" src=\"https:\/\/kpmshc.rks-gov.net\/wp-content\/uploads\/2025\/07\/IMG_5908.jpeg\" alt=\"Nezavisni nadzorni odbor civilne slu\u017ebe Kosova, odr\u017eao je informativne sastanke u 20 op\u0161tina na Kosovu\">\n\n            <\/div>\n\t\t\n        <div class=\"news-textBody\">\n\n            <div class=\"news-title\">\n\n                Nezavisni nadzorni odbor civilne slu\u017ebe Kosova, odr\u017eao je informativne sastanke u 20 op\u0161tina na Kosovu\n            <\/div>\n\n            <div class=\"news-info\">\n\n                <span class=\"news-date\">16\/07\/2025<\/span>\n\n            <\/div>\n\n            <div class=\"news-content\">\n\n                Pri\u0161tina, jul 2025 \u2013 Nezavisni nadzorni odbor civilne slu\u017ebe Kosova (NNOSCK), odr\u017eao je niz sastanaka za podizanje svesti na lokalnom...\n            <\/div>\n\n        <\/div>\n\n    <\/div>\n\n<\/a>                    <\/div>\n                \n                                                <div class=\"ItemsFilter-item item-62977\">\n                        \n<a href=\"https:\/\/kpmshc.rks-gov.net\/sr\/news\/delegacija-nnocsk-a-posetila-je-ambasadu-republike-kosova-u-londonu\/\">\n\n    <div class=\"newsItem-body\">\n\n        \n            <div class=\"news-image\">\n\n                <img decoding=\"async\" src=\"https:\/\/kpmshc.rks-gov.net\/wp-content\/uploads\/2025\/05\/Foto-1-4.jpg\" alt=\"Delegacija NNOCSK-a posetila je Ambasadu Republike Kosova u Londonu\">\n\n            <\/div>\n\t\t\n        <div class=\"news-textBody\">\n\n            <div class=\"news-title\">\n\n                Delegacija NNOCSK-a posetila je Ambasadu Republike Kosova u Londonu\n            <\/div>\n\n            <div class=\"news-info\">\n\n                <span class=\"news-date\">16\/05\/2025<\/span>\n\n            <\/div>\n\n            <div class=\"news-content\">\n\n                London, 16 maj 2025 -&nbsp; Predsednik Nezavisnog nadzornog odbora civilne slu\u017ebe Kosova, Arben Mehmeti, zvani\u010dno je posetio Ambasadu Republike Kosova...\n            <\/div>\n\n        <\/div>\n\n    <\/div>\n\n<\/a>                    <\/div>\n                \n                                                <div class=\"ItemsFilter-item item-61913\">\n                        \n<a href=\"https:\/\/kpmshc.rks-gov.net\/sr\/news\/nezavisni-nadzorni-odbor-civilne-sluzbe-kosova-nnocsk-tokom-2024-godine-primio-je-preko-dve-hiljade-zalbi\/\">\n\n    <div class=\"newsItem-body\">\n\n            \t\t<div class=\"news-image\" style=\"display: flex; align-items: center; justify-content: flex-start; min-height: 200px;\">\n        <img decoding=\"async\" src=\"https:\/\/kpmshc.rks-gov.net\/wp-content\/uploads\/2024\/04\/kpmshck_new.svg\"\n             alt=\"Nezavisni nadzorni odbor civilne slu\u017ebe Kosova (NNOCSK), tokom 2024.godine, primio je preko dve hiljade \u017ealbi\"\n             style=\"max-height: 100%; width: auto; object-fit: contain; margin-left: 3px;\">\n    <\/div>\n\n        \n        <div class=\"news-textBody\">\n\n            <div class=\"news-title\">\n\n                Nezavisni nadzorni odbor civilne slu\u017ebe Kosova (NNOCSK), tokom 2024.godine, primio je preko dve hiljade \u017ealbi\n            <\/div>\n\n            <div class=\"news-info\">\n\n                <span class=\"news-date\">17\/01\/2025<\/span>\n\n            <\/div>\n\n            <div class=\"news-content\">\n\n                Pri\u0161tina, 17 januar 2025 \u2013&nbsp;Nezavisni nadzorni odbor civilne slu\u017ebe Kosova (NNOCSK), tokom 2024.godine, primio je preko dve hiljade \u017ealbi (2137),...\n            <\/div>\n\n        <\/div>\n\n    <\/div>\n\n<\/a>                    <\/div>\n                \n                                                <div class=\"ItemsFilter-item item-55102\">\n                        \n<a href=\"https:\/\/kpmshc.rks-gov.net\/sr\/news\/predsednik-mehmeti-sastao-se-sa-zamenicima-ombudsmana\/\">\n\n    <div class=\"newsItem-body\">\n\n        \n            <div class=\"news-image\">\n\n                <img decoding=\"async\" src=\"https:\/\/kpmshc.rks-gov.net\/wp-content\/uploads\/2024\/09\/112.jpg\" alt=\"Predsednik Mehmeti sastao se sa zamenicima Ombudsmana\">\n\n            <\/div>\n\t\t\n        <div class=\"news-textBody\">\n\n            <div class=\"news-title\">\n\n                Predsednik Mehmeti sastao se sa zamenicima Ombudsmana\n            <\/div>\n\n            <div class=\"news-info\">\n\n                <span class=\"news-date\">12\/11\/2024<\/span>\n\n            <\/div>\n\n            <div class=\"news-content\">\n\n                Pri\u0161tina, 12. novembar 2024. \u2013&nbsp;Predsednik Nezavisnog nadzornog odbora civilne slu\u017ebe Kosova (NNOCSK), Arben Mehmeti, sastao se danas sa zamenicom Ombudsmana...\n            <\/div>\n\n        <\/div>\n\n    <\/div>\n\n<\/a>                    <\/div>\n                \n                                                <div class=\"ItemsFilter-item item-55108\">\n                        \n<a href=\"https:\/\/kpmshc.rks-gov.net\/sr\/news\/odbor-monitorise-ministarstva-i-ambasade-republike-kosova\/\">\n\n    <div class=\"newsItem-body\">\n\n        \n            <div class=\"news-image\">\n\n                <img decoding=\"async\" src=\"https:\/\/kpmshc.rks-gov.net\/wp-content\/uploads\/2024\/09\/Picture51.jpg\" alt=\"Odbor monitori\u0161e ministarstva i ambasade Republike Kosova\">\n\n            <\/div>\n\t\t\n        <div class=\"news-textBody\">\n\n            <div class=\"news-title\">\n\n                Odbor monitori\u0161e ministarstva i ambasade Republike Kosova\n            <\/div>\n\n            <div class=\"news-info\">\n\n                <span class=\"news-date\">16\/10\/2024<\/span>\n\n            <\/div>\n\n            <div class=\"news-content\">\n\n                Pri\u0161tina, 16 oktobar 2024 \u2013&nbsp;U nastavku procesa monitorisanja, Nezavisni nadzorni odbor civilne slu\u017ebe Kosova (NNOCSK), tokom ovog perioda, zapo\u010deo je...\n            <\/div>\n\n        <\/div>\n\n    <\/div>\n\n<\/a>                    <\/div>\n                \n                                                <div class=\"ItemsFilter-item item-55105\">\n                        \n<a href=\"https:\/\/kpmshc.rks-gov.net\/sr\/news\/predsednik-mehmeti-izvestio-je-clanove-komisije-skupstine-republike-kosova\/\">\n\n    <div class=\"newsItem-body\">\n\n        \n            <div class=\"news-image\">\n\n                <img decoding=\"async\" src=\"https:\/\/kpmshc.rks-gov.net\/wp-content\/uploads\/2024\/09\/34-1.jpg\" alt=\"Predsednik Mehmeti izvestio je \u010dlanove Komisije&#8230;Skup\u0161tine Republike Kosova\">\n\n            <\/div>\n\t\t\n        <div class=\"news-textBody\">\n\n            <div class=\"news-title\">\n\n                Predsednik Mehmeti izvestio je \u010dlanove Komisije&#8230;Skup\u0161tine Republike Kosova\n            <\/div>\n\n            <div class=\"news-info\">\n\n                <span class=\"news-date\">29\/08\/2024<\/span>\n\n            <\/div>\n\n            <div class=\"news-content\">\n\n                Pri\u0161tina, 29. oktobar 2024 \u2013&nbsp;Predsednik Nezavisnog nadzornog odbora civilne slu\u017ebe Kosova (NNOCSK), Arben Mehmeti, predstavio je Godi\u0161nji izve\u0161taj o radu...\n            <\/div>\n\n        <\/div>\n\n    <\/div>\n\n<\/a>                    <\/div>\n                \n                                <\/div>\n        <div class=\"pagination\">\n            <div class='dpn-pagination'>\n                            <\/div>\n        <\/div>\n\n    <\/div>\n<\/div><\/div>\n\t\t\t\t\t\t<\/div>\n\t\t\t\t<\/div>\n\t\t\t\t<\/div>\n\t\t\t\t<\/div>\n\t\t\t\t<\/div>\n\t\t","protected":false},"excerpt":{"rendered":"","protected":false},"author":4,"featured_media":0,"parent":0,"menu_order":0,"comment_status":"closed","ping_status":"closed","template":"","meta":{"_acf_changed":false,"footnotes":""},"page-category":[],"class_list":["post-34953","page","type-page","status-publish","hentry"],"acf":[],"_links":{"self":[{"href":"https:\/\/kpmshc.rks-gov.net\/sr\/wp-json\/wp\/v2\/pages\/34953","targetHints":{"allow":["GET"]}}],"collection":[{"href":"https:\/\/kpmshc.rks-gov.net\/sr\/wp-json\/wp\/v2\/pages"}],"about":[{"href":"https:\/\/kpmshc.rks-gov.net\/sr\/wp-json\/wp\/v2\/types\/page"}],"author":[{"embeddable":true,"href":"https:\/\/kpmshc.rks-gov.net\/sr\/wp-json\/wp\/v2\/users\/4"}],"replies":[{"embeddable":true,"href":"https:\/\/kpmshc.rks-gov.net\/sr\/wp-json\/wp\/v2\/comments?post=34953"}],"version-history":[{"count":7,"href":"https:\/\/kpmshc.rks-gov.net\/sr\/wp-json\/wp\/v2\/pages\/34953\/revisions"}],"predecessor-version":[{"id":53083,"href":"https:\/\/kpmshc.rks-gov.net\/sr\/wp-json\/wp\/v2\/pages\/34953\/revisions\/53083"}],"wp:attachment":[{"href":"https:\/\/kpmshc.rks-gov.net\/sr\/wp-json\/wp\/v2\/media?parent=34953"}],"wp:term":[{"taxonomy":"page-category","embeddable":true,"href":"https:\/\/kpmshc.rks-gov.net\/sr\/wp-json\/wp\/v2\/page-category?post=34953"}],"curies":[{"name":"wp","href":"https:\/\/api.w.org\/{rel}","templated":true}]}}