{"id":1311,"date":"2024-04-22T06:46:47","date_gmt":"2024-04-22T06:46:47","guid":{"rendered":"http:\/\/endrithyseni\/dpn-ferizaj\/?page_id=1311"},"modified":"2025-02-03T09:54:22","modified_gmt":"2025-02-03T08:54:22","slug":"contact","status":"publish","type":"page","link":"https:\/\/kpmshc.rks-gov.net\/en\/contact\/","title":{"rendered":"Kontakt"},"content":{"rendered":"\t\t<div data-elementor-type=\"wp-page\" data-elementor-id=\"1311\" class=\"elementor elementor-1311\" data-elementor-post-type=\"page\">\n\t\t\t\t<div class=\"elementor-element elementor-element-306c1e6 e-con-full e-flex e-con e-parent\" data-id=\"306c1e6\" data-element_type=\"container\" data-e-type=\"container\">\n\t\t<div class=\"elementor-element elementor-element-7573421 e-con-full e-flex e-con e-child\" data-id=\"7573421\" data-element_type=\"container\" data-e-type=\"container\">\n\t\t\t\t<div class=\"elementor-element elementor-element-225e7ac elementor-widget elementor-widget-google_maps\" data-id=\"225e7ac\" data-element_type=\"widget\" data-e-type=\"widget\" data-widget_type=\"google_maps.default\">\n\t\t\t\t<div class=\"elementor-widget-container\">\n\t\t\t\t\t\t\t<div class=\"elementor-custom-embed\">\n\t\t\t<iframe loading=\"lazy\"\n\t\t\t\t\tsrc=\"https:\/\/maps.google.com\/maps?q=Ministris%C3%AB%20s%C3%AB%20Kultur%C3%ABs%2C%20Rinis%C3%AB%20dhe%20Sportit&#038;t=m&#038;z=15&#038;output=embed&#038;iwloc=near\"\n\t\t\t\t\ttitle=\"Ministris\u00eb s\u00eb Kultur\u00ebs, Rinis\u00eb dhe Sportit\"\n\t\t\t\t\taria-label=\"Ministris\u00eb s\u00eb Kultur\u00ebs, Rinis\u00eb dhe Sportit\"\n\t\t\t><\/iframe>\n\t\t<\/div>\n\t\t\t\t\t\t<\/div>\n\t\t\t\t<\/div>\n\t\t\t\t<\/div>\n\t\t<div class=\"elementor-element elementor-element-612ba86 e-con-full page-container news-details e-flex e-con e-child\" data-id=\"612ba86\" data-element_type=\"container\" data-e-type=\"container\">\n\t\t<div class=\"elementor-element elementor-element-c272390 e-con-full e-flex e-con e-child\" data-id=\"c272390\" data-element_type=\"container\" data-e-type=\"container\">\n\t\t<div class=\"elementor-element elementor-element-90068a6 e-con-full e-flex e-con e-child\" data-id=\"90068a6\" data-element_type=\"container\" data-e-type=\"container\">\n\t\t\t\t<div class=\"elementor-element elementor-element-ddabd51 elementor-widget elementor-widget-heading\" data-id=\"ddabd51\" data-element_type=\"widget\" data-e-type=\"widget\" data-widget_type=\"heading.default\">\n\t\t\t\t<div class=\"elementor-widget-container\">\n\t\t\t\t\t<h2 class=\"elementor-heading-title elementor-size-default\">Contact<\/h2>\t\t\t\t<\/div>\n\t\t\t\t<\/div>\n\t\t\t\t<div class=\"elementor-element elementor-element-323a20f elementor-widget elementor-widget-text-editor\" data-id=\"323a20f\" data-element_type=\"widget\" data-e-type=\"widget\" data-widget_type=\"text-editor.default\">\n\t\t\t\t<div class=\"elementor-widget-container\">\n\t\t\t\t\t\t\t\t\t<p>Contact us now to address any issues or requests.<\/p>\t\t\t\t\t\t\t\t<\/div>\n\t\t\t\t<\/div>\n\t\t<div class=\"elementor-element elementor-element-68a7990 e-con-full e-flex e-con e-child\" data-id=\"68a7990\" data-element_type=\"container\" data-e-type=\"container\">\n\t\t\t\t<div class=\"elementor-element elementor-element-0a284ca elementor-widget elementor-widget-heading\" data-id=\"0a284ca\" data-element_type=\"widget\" data-e-type=\"widget\" data-widget_type=\"heading.default\">\n\t\t\t\t<div class=\"elementor-widget-container\">\n\t\t\t\t\t<h3 class=\"elementor-heading-title elementor-size-default\">KPMSHCK<\/h3>\t\t\t\t<\/div>\n\t\t\t\t<\/div>\n\t\t\t\t<div class=\"elementor-element elementor-element-056614c contact-content elementor-widget elementor-widget-text-editor\" data-id=\"056614c\" data-element_type=\"widget\" data-e-type=\"widget\" data-widget_type=\"text-editor.default\">\n\t\t\t\t<div class=\"elementor-widget-container\">\n\t\t\t\t\t\t\t\t\t<p><strong>Adresa:<\/strong> The building of the Ministry of Culture, Youth, and Sports, 3rd floor, \u201cNena Tereze\u201d Square, nn. Pristina.<\/p>\t\t\t\t\t\t\t\t<\/div>\n\t\t\t\t<\/div>\n\t\t\t\t<\/div>\n\t\t\t\t<\/div>\n\t\t\t\t<\/div>\n\t\t\t\t<\/div>\n\t\t\t\t<\/div>\n\t\t\t\t<\/div>\n\t\t","protected":false},"excerpt":{"rendered":"<p>Contact Contact us now to address any issues or requests. KPMSHCK Adresa: The building of the Ministry of Culture, Youth, and Sports, 3rd floor, \u201cNena Tereze\u201d Square, nn. Pristina.<\/p>\n","protected":false},"author":4,"featured_media":0,"parent":0,"menu_order":0,"comment_status":"closed","ping_status":"closed","template":"","meta":{"_acf_changed":false,"footnotes":""},"page-category":[],"class_list":["post-1311","page","type-page","status-publish","hentry"],"acf":[],"_links":{"self":[{"href":"https:\/\/kpmshc.rks-gov.net\/en\/wp-json\/wp\/v2\/pages\/1311","targetHints":{"allow":["GET"]}}],"collection":[{"href":"https:\/\/kpmshc.rks-gov.net\/en\/wp-json\/wp\/v2\/pages"}],"about":[{"href":"https:\/\/kpmshc.rks-gov.net\/en\/wp-json\/wp\/v2\/types\/page"}],"author":[{"embeddable":true,"href":"https:\/\/kpmshc.rks-gov.net\/en\/wp-json\/wp\/v2\/users\/4"}],"replies":[{"embeddable":true,"href":"https:\/\/kpmshc.rks-gov.net\/en\/wp-json\/wp\/v2\/comments?post=1311"}],"version-history":[{"count":18,"href":"https:\/\/kpmshc.rks-gov.net\/en\/wp-json\/wp\/v2\/pages\/1311\/revisions"}],"predecessor-version":[{"id":56959,"href":"https:\/\/kpmshc.rks-gov.net\/en\/wp-json\/wp\/v2\/pages\/1311\/revisions\/56959"}],"wp:attachment":[{"href":"https:\/\/kpmshc.rks-gov.net\/en\/wp-json\/wp\/v2\/media?parent=1311"}],"wp:term":[{"taxonomy":"page-category","embeddable":true,"href":"https:\/\/kpmshc.rks-gov.net\/en\/wp-json\/wp\/v2\/page-category?post=1311"}],"curies":[{"name":"wp","href":"https:\/\/api.w.org\/{rel}","templated":true}]}}